{"id":3,"date":"2025-05-23T10:13:38","date_gmt":"2025-05-23T08:13:38","guid":{"rendered":"http:\/\/test.2ima.com\/?page_id=3"},"modified":"2026-01-06T09:36:22","modified_gmt":"2026-01-06T08:36:22","slug":"politique-de-confidentialite","status":"publish","type":"page","link":"https:\/\/test.2ima.com\/index.php\/politique-de-confidentialite\/","title":{"rendered":"Politique de confidentialit\u00e9"},"content":{"rendered":"\t\t<div data-elementor-type=\"wp-page\" data-elementor-id=\"3\" class=\"elementor elementor-3\" data-elementor-post-type=\"page\">\n\t\t\t\t<div class=\"elementor-element elementor-element-311ff16b e-flex e-con-boxed wpr-particle-no wpr-jarallax-no wpr-parallax-no wpr-sticky-section-no e-con e-parent\" data-id=\"311ff16b\" data-element_type=\"container\">\n\t\t\t\t\t<div class=\"e-con-inner\">\n\t\t\t\t<div class=\"elementor-element elementor-element-5e193a15 elementor-widget elementor-widget-text-editor\" data-id=\"5e193a15\" data-element_type=\"widget\" data-widget_type=\"text-editor.default\">\n\t\t\t\t<div class=\"elementor-widget-container\">\n\t\t\t\t\t\t\t\t\t\n<h2 class=\"wp-block-heading\" data-start=\"137\" data-end=\"192\"><strong data-start=\"140\" data-end=\"192\">Mentions l\u00e9gales et politique de confidentialit\u00e9<\/strong><\/h2>\n<h3 data-start=\"194\" data-end=\"221\">1. Pr\u00e9sentation du site<\/h3>\n<p data-start=\"223\" data-end=\"467\">En vertu de l\u2019article 6 de la loi n\u00b0 2004-575 du 21 juin 2004 pour la confiance dans l\u2019\u00e9conomie num\u00e9rique, il est pr\u00e9cis\u00e9 aux utilisateurs du site <strong data-start=\"370\" data-end=\"378\">2iMA<\/strong> l\u2019identit\u00e9 des diff\u00e9rents intervenants dans le cadre de sa r\u00e9alisation et de son suivi :<\/p>\n<ul data-start=\"469\" data-end=\"864\">\n<li data-start=\"469\" data-end=\"566\">\n<p data-start=\"471\" data-end=\"566\"><strong data-start=\"471\" data-end=\"487\">Propri\u00e9taire<\/strong> : 2iMA \u2013 SAS au capital de 2 750 000 \u20ac \u2013 5 rue de la Balance, 31000 Toulouse<\/p>\n<\/li>\n<li data-start=\"567\" data-end=\"600\">\n<p data-start=\"569\" data-end=\"600\"><strong data-start=\"569\" data-end=\"578\">SIRET<\/strong> : 423 157 593 00033<\/p>\n<\/li>\n<li data-start=\"601\" data-end=\"641\">\n<p data-start=\"603\" data-end=\"641\"><strong data-start=\"603\" data-end=\"626\">Immatriculation RCS<\/strong> : 22-06-1999<\/p>\n<\/li>\n<li data-start=\"642\" data-end=\"691\">\n<p data-start=\"644\" data-end=\"691\"><strong data-start=\"644\" data-end=\"673\">N\u00b0 TVA intracommunautaire<\/strong> : FR35423157593<\/p>\n<\/li>\n<li data-start=\"692\" data-end=\"723\">\n<p data-start=\"694\" data-end=\"723\"><strong data-start=\"694\" data-end=\"703\">Th\u00e8me<\/strong> : Hello Elementor<\/p>\n<\/li>\n<li data-start=\"724\" data-end=\"790\">\n<p data-start=\"726\" data-end=\"790\"><strong data-start=\"726\" data-end=\"739\">H\u00e9bergeur<\/strong> : OVH \u2013 2 rue Kellermann, 59100 Roubaix \u2013 France<\/p>\n<\/li>\n<li data-start=\"791\" data-end=\"864\">\n<p data-start=\"793\" data-end=\"864\"><strong data-start=\"793\" data-end=\"804\">Cr\u00e9dits<\/strong> : mentions l\u00e9gales g\u00e9n\u00e9r\u00e9es et offertes par JBA Development<\/p>\n<\/li>\n<\/ul>\n<hr data-start=\"866\" data-end=\"869\" \/>\n<h3 data-start=\"871\" data-end=\"912\">2. Conditions g\u00e9n\u00e9rales d\u2019utilisation<\/h3>\n<p data-start=\"914\" data-end=\"1173\">L\u2019utilisation du site implique l\u2019acceptation pleine et enti\u00e8re des conditions g\u00e9n\u00e9rales d\u2019utilisation d\u00e9crites ci-apr\u00e8s. Ces conditions peuvent \u00eatre modifi\u00e9es \u00e0 tout moment. Le site est normalement accessible \u00e0 tout moment, sauf interruption pour maintenance.<\/p>\n<hr data-start=\"1175\" data-end=\"1178\" \/>\n<h3 data-start=\"1180\" data-end=\"1219\">3. Description des services fournis<\/h3>\n<p data-start=\"1221\" data-end=\"1404\">Le site a pour objet de fournir une information concernant l\u2019ensemble des activit\u00e9s de la soci\u00e9t\u00e9 2iMA. Les informations sont donn\u00e9es \u00e0 titre indicatif et sont susceptibles d\u2019\u00e9voluer.<\/p>\n<hr data-start=\"1406\" data-end=\"1409\" \/>\n<h3 data-start=\"1411\" data-end=\"1471\">4. Limitations contractuelles sur les donn\u00e9es techniques<\/h3>\n<p data-start=\"1473\" data-end=\"1674\">Le site utilise JavaScript. Il ne pourra \u00eatre tenu responsable de dommages mat\u00e9riels li\u00e9s \u00e0 son utilisation. L\u2019utilisateur s\u2019engage \u00e0 utiliser un mat\u00e9riel r\u00e9cent, sans virus, avec un navigateur \u00e0 jour.<\/p>\n<hr data-start=\"1676\" data-end=\"1679\" \/>\n<h3 data-start=\"1681\" data-end=\"1712\">5. Propri\u00e9t\u00e9 intellectuelle<\/h3>\n<p data-start=\"1714\" data-end=\"1895\">2iMA est propri\u00e9taire des droits sur les \u00e9l\u00e9ments du site (textes, images, graphismes, etc.). Toute reproduction ou exploitation non autoris\u00e9e sera consid\u00e9r\u00e9e comme une contrefa\u00e7on.<\/p>\n<hr data-start=\"1897\" data-end=\"1900\" \/>\n<h3 data-start=\"1902\" data-end=\"1938\">6. Limitations de responsabilit\u00e9<\/h3>\n<p data-start=\"1940\" data-end=\"2142\">2iMA ne pourra \u00eatre tenue responsable de dommages mat\u00e9riels ou immat\u00e9riels li\u00e9s \u00e0 l\u2019utilisation du site. Des espaces interactifs sont disponibles ; tout contenu illicite peut \u00eatre supprim\u00e9 sans pr\u00e9avis.<\/p>\n<hr data-start=\"2144\" data-end=\"2147\" \/>\n<h3 data-start=\"2149\" data-end=\"2188\">7. Gestion des donn\u00e9es personnelles<\/h3>\n<p data-start=\"2190\" data-end=\"2516\">Les donn\u00e9es personnelles sont prot\u00e9g\u00e9es par la loi n\u00b0 78-87 du 6 janvier 1978 et le RGPD. Aucune information personnelle n\u2019est publi\u00e9e, \u00e9chang\u00e9e ou vendue \u00e0 l\u2019insu de l\u2019utilisateur.<br data-start=\"2371\" data-end=\"2374\" \/>L\u2019utilisateur dispose d\u2019un droit d\u2019acc\u00e8s, de rectification et d\u2019opposition par demande \u00e9crite, sign\u00e9e et accompagn\u00e9e d\u2019une pi\u00e8ce d\u2019identit\u00e9.<\/p>\n<p data-start=\"2518\" data-end=\"2685\">Le site n\u2019est pas d\u00e9clar\u00e9 \u00e0 la CNIL, car il ne traite pas de donn\u00e9es sensibles. Les bases de donn\u00e9es sont prot\u00e9g\u00e9es par la loi du 1er juillet 1998 (directive 96\/9\/CE).<\/p>\n<hr data-start=\"2687\" data-end=\"2690\" \/>\n<h3 data-start=\"2692\" data-end=\"2727\">8. Liens hypertextes et cookies<\/h3>\n<p data-start=\"2729\" data-end=\"2945\">Le site peut contenir des liens vers d\u2019autres sites. 2iMA n\u2019a pas la possibilit\u00e9 de v\u00e9rifier leur contenu.<br data-start=\"2835\" data-end=\"2838\" \/>Des cookies peuvent \u00eatre install\u00e9s. L\u2019utilisateur peut configurer son navigateur pour refuser les cookies :<\/p>\n<ul data-start=\"2947\" data-end=\"3358\">\n<li data-start=\"2947\" data-end=\"3045\">\n<p data-start=\"2949\" data-end=\"3045\"><strong data-start=\"2949\" data-end=\"2970\">Internet Explorer<\/strong> : Outils &gt; Options Internet &gt; Confidentialit\u00e9 &gt; Bloquer tous les cookies<\/p>\n<\/li>\n<li data-start=\"3046\" data-end=\"3143\">\n<p data-start=\"3048\" data-end=\"3143\"><strong data-start=\"3048\" data-end=\"3059\">Firefox<\/strong> : Menu &gt; Options &gt; Vie priv\u00e9e &gt; Param\u00e8tres personnalis\u00e9s &gt; D\u00e9sactiver les cookies<\/p>\n<\/li>\n<li data-start=\"3144\" data-end=\"3261\">\n<p data-start=\"3146\" data-end=\"3261\"><strong data-start=\"3146\" data-end=\"3156\">Safari<\/strong> : Menu &gt; R\u00e9glages &gt; Param\u00e8tres avanc\u00e9s &gt; Confidentialit\u00e9 &gt; Param\u00e8tres de contenu &gt; Bloquer les cookies<\/p>\n<\/li>\n<li data-start=\"3262\" data-end=\"3358\">\n<p data-start=\"3264\" data-end=\"3358\"><strong data-start=\"3264\" data-end=\"3274\">Chrome<\/strong> : Menu &gt; Param\u00e8tres &gt; Confidentialit\u00e9 &gt; Param\u00e8tres de contenu &gt; Bloquer les cookies<\/p>\n<\/li>\n<\/ul>\n<hr data-start=\"3360\" data-end=\"3363\" \/>\n<h3 data-start=\"3365\" data-end=\"3418\">9. Droit applicable et attribution de juridiction<\/h3>\n<p data-start=\"3420\" data-end=\"3541\">Tout litige en lien avec l\u2019utilisation du site est soumis au droit fran\u00e7ais. Juridiction comp\u00e9tente : tribunaux de Paris.<\/p>\n<hr data-start=\"3543\" data-end=\"3546\" \/>\n<h3 data-start=\"3548\" data-end=\"3573\">10. Lois de r\u00e9f\u00e9rence<\/h3>\n<ul data-start=\"3575\" data-end=\"3717\">\n<li data-start=\"3575\" data-end=\"3645\">\n<p data-start=\"3577\" data-end=\"3645\">Loi n\u00b0 78-17 du 6 janvier 1978 modifi\u00e9e (Informatique et Libert\u00e9s)<\/p>\n<\/li>\n<li data-start=\"3646\" data-end=\"3717\">\n<p data-start=\"3648\" data-end=\"3717\">Loi n\u00b0 2004-575 du 21 juin 2004 (Confiance dans l\u2019\u00e9conomie num\u00e9rique)<\/p>\n<\/li>\n<\/ul>\n<hr data-start=\"3719\" data-end=\"3722\" \/>\n<h3 data-start=\"3724\" data-end=\"3739\">11. Lexique<\/h3>\n<ul data-start=\"3741\" data-end=\"3938\">\n<li data-start=\"3741\" data-end=\"3795\">\n<p data-start=\"3743\" data-end=\"3795\"><strong data-start=\"3743\" data-end=\"3758\">Utilisateur<\/strong> : Internaute se connectant au site<\/p>\n<\/li>\n<li data-start=\"3796\" data-end=\"3938\">\n<p data-start=\"3798\" data-end=\"3938\"><strong data-start=\"3798\" data-end=\"3827\">Informations personnelles<\/strong> : Informations permettant l\u2019identification directe ou indirecte d\u2019une personne (loi du 6 janvier 1978, art. 4)<\/p>\n<\/li>\n<\/ul>\n\t\t\t\t\t\t\t\t<\/div>\n\t\t\t\t<\/div>\n\t\t\t\t\t<\/div>\n\t\t\t\t<\/div>\n\t\t\t\t<\/div>\n\t\t","protected":false},"excerpt":{"rendered":"<p>Mentions l\u00e9gales et politique de confidentialit\u00e9 1. Pr\u00e9sentation du site En vertu de l\u2019article 6 de la loi n\u00b0 2004-575 du 21 juin 2004 pour la confiance dans l\u2019\u00e9conomie num\u00e9rique, il est pr\u00e9cis\u00e9 aux utilisateurs du site 2iMA l\u2019identit\u00e9 des diff\u00e9rents intervenants dans le cadre de sa r\u00e9alisation et de son suivi : Propri\u00e9taire : 2iMA \u2013 SAS au capital de 2 750 000 \u20ac \u2013 5 rue de la Balance, 31000 Toulouse SIRET : 423 157 593 00033 Immatriculation RCS : 22-06-1999 N\u00b0 TVA intracommunautaire : FR35423157593 Th\u00e8me : Hello Elementor H\u00e9bergeur : OVH \u2013 2 rue Kellermann, 59100 Roubaix \u2013 France Cr\u00e9dits : mentions l\u00e9gales g\u00e9n\u00e9r\u00e9es et offertes par JBA Development 2. Conditions g\u00e9n\u00e9rales d\u2019utilisation L\u2019utilisation du site implique l\u2019acceptation pleine et enti\u00e8re des conditions g\u00e9n\u00e9rales d\u2019utilisation d\u00e9crites ci-apr\u00e8s. Ces conditions peuvent \u00eatre modifi\u00e9es \u00e0 tout moment. Le site est normalement accessible \u00e0 tout moment, sauf interruption pour maintenance. 3. Description des services fournis Le site a pour objet de fournir une information concernant l\u2019ensemble des activit\u00e9s de la soci\u00e9t\u00e9 2iMA. Les informations sont donn\u00e9es \u00e0 titre indicatif et sont susceptibles d\u2019\u00e9voluer. 4. Limitations contractuelles sur les donn\u00e9es techniques Le site utilise JavaScript. Il ne pourra \u00eatre tenu responsable de dommages mat\u00e9riels li\u00e9s \u00e0 son utilisation. L\u2019utilisateur s\u2019engage \u00e0 utiliser un mat\u00e9riel r\u00e9cent, sans virus, avec un navigateur \u00e0 jour. 5. Propri\u00e9t\u00e9 intellectuelle 2iMA est propri\u00e9taire des droits sur les \u00e9l\u00e9ments du site (textes, images, graphismes, etc.). Toute reproduction ou exploitation non autoris\u00e9e sera consid\u00e9r\u00e9e comme une contrefa\u00e7on. 6. Limitations de responsabilit\u00e9 2iMA ne pourra \u00eatre tenue responsable de dommages mat\u00e9riels ou immat\u00e9riels li\u00e9s \u00e0 l\u2019utilisation du site. Des espaces interactifs sont disponibles ; tout contenu illicite peut \u00eatre supprim\u00e9 sans pr\u00e9avis. 7. Gestion des donn\u00e9es personnelles Les donn\u00e9es personnelles sont prot\u00e9g\u00e9es par la loi n\u00b0 78-87 du 6 janvier 1978 et le RGPD. Aucune information personnelle n\u2019est publi\u00e9e, \u00e9chang\u00e9e ou vendue \u00e0 l\u2019insu de l\u2019utilisateur.L\u2019utilisateur dispose d\u2019un droit d\u2019acc\u00e8s, de rectification et d\u2019opposition par demande \u00e9crite, sign\u00e9e et accompagn\u00e9e d\u2019une pi\u00e8ce d\u2019identit\u00e9. Le site n\u2019est pas d\u00e9clar\u00e9 \u00e0 la CNIL, car il ne traite pas de donn\u00e9es sensibles. Les bases de donn\u00e9es sont prot\u00e9g\u00e9es par la loi du 1er juillet 1998 (directive 96\/9\/CE). 8. Liens hypertextes et cookies Le site peut contenir des liens vers d\u2019autres sites. 2iMA n\u2019a pas la possibilit\u00e9 de v\u00e9rifier leur contenu.Des cookies peuvent \u00eatre install\u00e9s. L\u2019utilisateur peut configurer son navigateur pour refuser les cookies : Internet Explorer : Outils &gt; Options Internet &gt; Confidentialit\u00e9 &gt; Bloquer tous les cookies Firefox : Menu &gt; Options &gt; Vie priv\u00e9e &gt; Param\u00e8tres personnalis\u00e9s &gt; D\u00e9sactiver les cookies Safari : Menu &gt; R\u00e9glages &gt; Param\u00e8tres avanc\u00e9s &gt; Confidentialit\u00e9 &gt; Param\u00e8tres de contenu &gt; Bloquer les cookies Chrome : Menu &gt; Param\u00e8tres &gt; Confidentialit\u00e9 &gt; Param\u00e8tres de contenu &gt; Bloquer les cookies 9. Droit applicable et attribution de juridiction Tout litige en lien avec l\u2019utilisation du site est soumis au droit fran\u00e7ais. Juridiction comp\u00e9tente : tribunaux de Paris. 10. Lois de r\u00e9f\u00e9rence Loi n\u00b0 78-17 du 6 janvier 1978 modifi\u00e9e (Informatique et Libert\u00e9s) Loi n\u00b0 2004-575 du 21 juin 2004 (Confiance dans l\u2019\u00e9conomie num\u00e9rique) 11. Lexique Utilisateur : Internaute se connectant au site Informations personnelles : Informations permettant l\u2019identification directe ou indirecte d\u2019une personne (loi du 6 janvier 1978, art. 4)<\/p>\n","protected":false},"author":1,"featured_media":0,"parent":0,"menu_order":0,"comment_status":"closed","ping_status":"closed","template":"","meta":{"_vp_format_video_url":"","_vp_image_focal_point":[],"footnotes":""},"class_list":["post-3","page","type-page","status-publish","hentry"],"_links":{"self":[{"href":"https:\/\/test.2ima.com\/index.php\/wp-json\/wp\/v2\/pages\/3","targetHints":{"allow":["GET"]}}],"collection":[{"href":"https:\/\/test.2ima.com\/index.php\/wp-json\/wp\/v2\/pages"}],"about":[{"href":"https:\/\/test.2ima.com\/index.php\/wp-json\/wp\/v2\/types\/page"}],"author":[{"embeddable":true,"href":"https:\/\/test.2ima.com\/index.php\/wp-json\/wp\/v2\/users\/1"}],"replies":[{"embeddable":true,"href":"https:\/\/test.2ima.com\/index.php\/wp-json\/wp\/v2\/comments?post=3"}],"version-history":[{"count":3,"href":"https:\/\/test.2ima.com\/index.php\/wp-json\/wp\/v2\/pages\/3\/revisions"}],"predecessor-version":[{"id":1012,"href":"https:\/\/test.2ima.com\/index.php\/wp-json\/wp\/v2\/pages\/3\/revisions\/1012"}],"wp:attachment":[{"href":"https:\/\/test.2ima.com\/index.php\/wp-json\/wp\/v2\/media?parent=3"}],"curies":[{"name":"wp","href":"https:\/\/api.w.org\/{rel}","templated":true}]}}